{"id":13886,"date":"2023-11-14T17:00:26","date_gmt":"2023-11-14T20:00:26","guid":{"rendered":"https:\/\/luismaluf.com\/?post_type=product&#038;p=13886"},"modified":"2025-11-12T17:21:00","modified_gmt":"2025-11-12T20:21:00","slug":"maes_aline_bispo","status":"publish","type":"product","link":"https:\/\/luismaluf.com\/en\/loja\/maes_aline_bispo\/","title":{"rendered":"M\u00e3es da Boa Morte &#8211; Aline Bispo"},"content":{"rendered":"<p>Aline Bispo, artista multifacetada, explora a pluralidade em sua pr\u00e1tica. Suas ilustra\u00e7\u00f5es mesclam \u00edcones religiosos, elementos naturais e s\u00edmbolos pol\u00edticos em composi\u00e7\u00f5es gr\u00e1ficas distintas, em diversos suportes como tela e papel. O sincretismo permeia seu trabalho, abordando a miscigena\u00e7\u00e3o no Brasil.<\/p>\n<p>Al\u00e9m da arte, Aline Bispo atua como curadora no Instituto Ibirapitanga desde 2020. Sua primeira exposi\u00e7\u00e3o individual foi &#8220;A medicina r\u00fastica, pinturas de Aline Bispo&#8221; (2021), e suas obras integram cole\u00e7\u00f5es renomadas, como MASP e MACRS. Destaca-se tamb\u00e9m por suas contribui\u00e7\u00f5es visuais em &#8220;Torto Arado&#8221; de Itamar Vieira Junior.<\/p>\n<p>Nesta edi\u00e7\u00e3o, a obra &#8220;M\u00e3es da Boa Morte, 2023&#8221; se evidencia, transportando o espectador para a Festa da Boa Morte. Uma celebra\u00e7\u00e3o singular que incorpora o sincretismo entre o catolicismo, o candombl\u00e9 e a conex\u00e3o com m\u00e3es de diferentes cultos, unindo-se \u00e0 Irmandade da Boa Morte. Aline Bispo continua a enriquecer o panorama art\u00edstico, explorando temas que transcendem o convencional e convidam \u00e0 reflex\u00e3o sobre a rica heran\u00e7a cultural do Brasil.<\/p>\n<p>Para concluir a sua compra, preencha todos os seus dados pessoais e endere\u00e7o de entrega corretamente e crie o cadastro.<\/p>\n<ul>\n<li style=\"list-style-type: none;\">\n<ul>\n<li style=\"font-weight: 400;\" aria-level=\"1\"><b>Retiradas presenciais mediante agendamento pr\u00e9vio, na Usina Luis Maluf (Rua Brigadeiro Galv\u00e3o, 996) atrav\u00e9s do e-mail producao@luismaluf.com<\/b><\/li>\n<li style=\"font-weight: 400;\" aria-level=\"1\"><span style=\"color: #eb3b3b;\"><b>Prazo de entrega &#8211; Nacional: 30 dias ap\u00f3s a compra<\/b><\/span><\/li>\n<li style=\"font-weight: 400;\" aria-level=\"1\"><span style=\"color: #eb3b3b;\"><b>Prazo de entrega &#8211; Internacional: 60 dias ap\u00f3s a compra<\/b><\/span><\/li>\n<li aria-level=\"1\"><strong>Imagem meramente ilustrativa. Edi\u00e7\u00e3o n\u00e3o acompanha a aplica\u00e7\u00e3o de contas<\/strong><\/li>\n<\/ul>\n<\/li>\n<\/ul>\n","protected":false},"excerpt":{"rendered":"<p><span style=\"font-weight: 400;\">40 x 60 cm<\/span><\/p>\n<ul>\n<li><span style=\"font-weight: 400;\">Impress\u00e3o sobre papel Hahnem\u00fchle Photo Rag 308g<\/span><\/li>\n<li><span style=\"font-weight: 400;\">Assinados | Numerados\u00a0<\/span><\/li>\n<li><span style=\"font-weight: 400;\">Tiragem de 40 Prints<\/span><\/li>\n<\/ul>\n<p><strong><a class=\"btn-text style1\" href=\"https:\/\/wa.me\/5511974500278?text=Quero%20comprar%20M%C3%A3es%20da%20Boa%20Morte%20-%20Aline%20Bispo\" target=\"_blank\" rel=\"noopener\">Compre via WhatsApp<br \/>\n<\/a><\/strong><\/p>\n","protected":false},"featured_media":16675,"template":"","meta":{"_acf_changed":false},"product_brand":[],"product_cat":[86],"product_tag":[225],"class_list":{"0":"post-13886","1":"product","2":"type-product","3":"status-publish","4":"has-post-thumbnail","6":"product_cat-edicoes","7":"product_tag-aline-bispo","9":"first","10":"instock","11":"featured","12":"shipping-taxable","13":"purchasable","14":"product-type-simple"},"acf":[],"_links":{"self":[{"href":"https:\/\/luismaluf.com\/en\/wp-json\/wp\/v2\/product\/13886","targetHints":{"allow":["GET"]}}],"collection":[{"href":"https:\/\/luismaluf.com\/en\/wp-json\/wp\/v2\/product"}],"about":[{"href":"https:\/\/luismaluf.com\/en\/wp-json\/wp\/v2\/types\/product"}],"wp:featuredmedia":[{"embeddable":true,"href":"https:\/\/luismaluf.com\/en\/wp-json\/wp\/v2\/media\/16675"}],"wp:attachment":[{"href":"https:\/\/luismaluf.com\/en\/wp-json\/wp\/v2\/media?parent=13886"}],"wp:term":[{"taxonomy":"product_brand","embeddable":true,"href":"https:\/\/luismaluf.com\/en\/wp-json\/wp\/v2\/product_brand?post=13886"},{"taxonomy":"product_cat","embeddable":true,"href":"https:\/\/luismaluf.com\/en\/wp-json\/wp\/v2\/product_cat?post=13886"},{"taxonomy":"product_tag","embeddable":true,"href":"https:\/\/luismaluf.com\/en\/wp-json\/wp\/v2\/product_tag?post=13886"}],"curies":[{"name":"wp","href":"https:\/\/api.w.org\/{rel}","templated":true}]}}