{"id":16653,"date":"2024-12-19T17:49:58","date_gmt":"2024-12-19T20:49:58","guid":{"rendered":"https:\/\/luismaluf.com\/?post_type=product&#038;p=16653"},"modified":"2026-01-23T13:15:24","modified_gmt":"2026-01-23T16:15:24","slug":"canarinho-cranio","status":"publish","type":"product","link":"https:\/\/luismaluf.com\/en\/loja\/canarinho-cranio\/","title":{"rendered":"Canarinho &#8211; Cranio"},"content":{"rendered":"<p><strong>&#8220;Canarinho&#8221;<\/strong><br \/>\nCranio<br \/>\n80 x 61 cm<\/p>\n<p>impress\u00e3o sobre papel Hahnem\u00fchle Photo Rag 308g<br \/>\nAssinados | Numerados | Chancelados<\/p>\n<p><em>Com exposi\u00e7\u00f5es ao redor do mundo, os trabalhos de\u00a0Cranio\u00a0s\u00e3o certeiros ao construir narrativas que mesclam sentimentos e a rea\u00e7\u00e3o do espectador. Tem\u00e1ticas de cunho social s\u00e3o um ponto-chave no direcionamento de suas cria\u00e7\u00f5es e as problem\u00e1ticas brasileiras s\u00e3o protagonistas, sejam relativas \u00e0 pol\u00edtica, consumo, polui\u00e7\u00e3o ou meio ambiente, gerando uma fus\u00e3o entre frui\u00e7\u00e3o est\u00e9tica e reflex\u00e3o cr\u00edtica.<\/em><\/p>\n<p>Para concluir a sua compra, preencha todos os seus dados pessoais e endere\u00e7o de entrega. Ao final do formul\u00e1rio, clique em &#8220;Criar conta&#8221;, adicione uma senha de seguran\u00e7a e selecione a forma de entrega: Sedex ou Retirar, mediante agendamento na Usina Luis Maluf ( Rua Brigadeiro Galv\u00e3o, 996 &#8211; Barra Funda).<\/p>\n<ul>\n<li>Envios e retiradas a partir de 05 dias \u00fateis ap\u00f3s a compra<\/li>\n<li>Retiradas presenciais, mediante agendamento pr\u00e9vio, na Usina Luis Maluf\u00a0 (Rua Brigadeiro Galv\u00e3o, 996) &#8211; Data a definir (previs\u00e3o para in\u00edcio de janeiro).<\/li>\n<li><strong>Os envios ser\u00e3o realizados a partir de janeiro\/2025<\/strong><\/li>\n<\/ul>\n","protected":false},"excerpt":{"rendered":"<p><strong>&#8220;Canarinho&#8221;<\/strong><br \/>\nCranio<br \/>\n80 x 61 cm<\/p>\n<ul>\n<li>Impress\u00e3o sobre papel Hahnem\u00fchle Photo Rag 308g<\/li>\n<li>Assinados | Numerados | Chancelados<\/li>\n<\/ul>\n<p><em>Com exposi\u00e7\u00f5es ao redor do mundo, os trabalhos de\u00a0Cranio\u00a0s\u00e3o certeiros ao construir narrativas que mesclam sentimentos e a rea\u00e7\u00e3o do espectador. Tem\u00e1ticas de cunho social s\u00e3o um ponto-chave no direcionamento de suas cria\u00e7\u00f5es e as problem\u00e1ticas brasileiras s\u00e3o protagonistas, sejam relativas \u00e0 pol\u00edtica, consumo, polui\u00e7\u00e3o ou meio ambiente, gerando uma fus\u00e3o entre frui\u00e7\u00e3o est\u00e9tica e reflex\u00e3o cr\u00edtica.<\/em><\/p>\n<p>Para concluir a sua compra, preencha todos os seus dados pessoais e endere\u00e7o de entrega. Ao final do formul\u00e1rio, clique em &#8220;Criar conta&#8221;, adicione uma senha de seguran\u00e7a e selecione a forma de entrega: Sedex ou Retirar, mediante agendamento na Usina Luis Maluf ( Rua Brigadeiro Galv\u00e3o, 996 &#8211; Barra Funda).<\/p>\n<ul>\n<li>Envios e retiradas a partir de 05 dias \u00fateis ap\u00f3s a compra<\/li>\n<li>Retiradas presenciais, mediante agendamento pr\u00e9vio, na Usina Luis Maluf\u00a0 (Rua Brigadeiro Galv\u00e3o, 996) &#8211; Data a definir (previs\u00e3o para in\u00edcio de janeiro).<\/li>\n<li>Os envios ser\u00e3o realizados a partir de janeiro\/2025<\/li>\n<\/ul>\n<p><strong><a class=\"btn-text style1\" href=\"https:\/\/wa.me\/5511974500278?text=Quero%20comprar%20Canarinho%20-%20Cranio\" target=\"_blank\" rel=\"noopener\">Compre via WhatsApp<\/a><br \/>\n<\/strong><\/p>\n","protected":false},"featured_media":16673,"template":"","meta":{"_acf_changed":false},"product_brand":[],"product_cat":[139,140],"product_tag":[],"class_list":{"0":"post-16653","1":"product","2":"type-product","3":"status-publish","4":"has-post-thumbnail","6":"product_cat-shop-all","7":"product_cat-prints","9":"first","10":"instock","11":"shipping-taxable","12":"purchasable","13":"product-type-simple"},"acf":[],"_links":{"self":[{"href":"https:\/\/luismaluf.com\/en\/wp-json\/wp\/v2\/product\/16653","targetHints":{"allow":["GET"]}}],"collection":[{"href":"https:\/\/luismaluf.com\/en\/wp-json\/wp\/v2\/product"}],"about":[{"href":"https:\/\/luismaluf.com\/en\/wp-json\/wp\/v2\/types\/product"}],"wp:featuredmedia":[{"embeddable":true,"href":"https:\/\/luismaluf.com\/en\/wp-json\/wp\/v2\/media\/16673"}],"wp:attachment":[{"href":"https:\/\/luismaluf.com\/en\/wp-json\/wp\/v2\/media?parent=16653"}],"wp:term":[{"taxonomy":"product_brand","embeddable":true,"href":"https:\/\/luismaluf.com\/en\/wp-json\/wp\/v2\/product_brand?post=16653"},{"taxonomy":"product_cat","embeddable":true,"href":"https:\/\/luismaluf.com\/en\/wp-json\/wp\/v2\/product_cat?post=16653"},{"taxonomy":"product_tag","embeddable":true,"href":"https:\/\/luismaluf.com\/en\/wp-json\/wp\/v2\/product_tag?post=16653"}],"curies":[{"name":"wp","href":"https:\/\/api.w.org\/{rel}","templated":true}]}}