{"id":17159,"date":"2025-05-01T15:31:51","date_gmt":"2025-05-01T18:31:51","guid":{"rendered":"https:\/\/luismaluf.com\/?post_type=product&#038;p=17159"},"modified":"2025-11-12T17:21:28","modified_gmt":"2025-11-12T20:21:28","slug":"finok-guilhotina-2025","status":"publish","type":"product","link":"https:\/\/luismaluf.com\/en\/loja\/finok-guilhotina-2025\/","title":{"rendered":"Guilhotina (Edi\u00e7\u00f5es) &#8211; Finok"},"content":{"rendered":"<p><strong>&#8220;Guilhotina&#8221;<\/strong><br \/>\nFinok<br \/>\n17 x 17 x 24 cm<\/p>\n<p>Escultura em p\u00f3 de m\u00e1rmore<\/p>\n<p><em>Com uma abordagem cr\u00edtica e simb\u00f3lica, &#8220;Guilhotina&#8221; \u00e9 uma s\u00e9rie de esculturas produzidas em p\u00f3 de m\u00e1rmore, que conecta diferentes eras para refletir sobre o destino da consci\u00eancia humana. A obra tensiona as ideias de poder e fragilidade, evocando a tradi\u00e7\u00e3o cl\u00e1ssica da escultura grega e romana, a brutalidade da Revolu\u00e7\u00e3o Francesa e a volatilidade do mundo digital contempor\u00e2neo.<\/em><\/p>\n<p>Suspensa por uma m\u00e3o \u2014 que pode tanto sustent\u00e1-la quanto sentenci\u00e1-la \u2014, a cabe\u00e7a esculpida faz refer\u00eancia aos bustos cl\u00e1ssicos, mas tamb\u00e9m exp\u00f5e a fragilidade contempor\u00e2nea diante da superexposi\u00e7\u00e3o e da manipula\u00e7\u00e3o da informa\u00e7\u00e3o. O p\u00f3 de m\u00e1rmore carrega o duplo simbolismo da grandiosidade e da fragmenta\u00e7\u00e3o: da busca pela eterniza\u00e7\u00e3o da raz\u00e3o \u00e0 efemeridade da verdade no presente.<\/p>\n<p>&#8220;Guilhotina&#8221; convida \u00e0 reflex\u00e3o: somos escultores de nosso pr\u00f3prio pensamento ou apenas v\u00edtimas das for\u00e7as que moldam nossa identidade?<\/p>\n<p>Para concluir a sua compra, preencha todos os seus dados pessoais e endere\u00e7o de entrega corretamente.<br \/>\nCompras internacionais apenas por e-mail:\u00a0info@luismaluf.com<br \/>\nRetiradas presenciais mediante agendamento pr\u00e9vio, na Luis Maluf Galeria (Rua Brigadeiro Galv\u00e3o, 996) atrav\u00e9s do e-mail info@luismaluf.com<\/p>\n<p><strong>Prazo de entrega \u2013 Nacional: 30 dias ap\u00f3s a compra<\/strong><br \/>\n<strong>Prazo de entrega \u2013 Internacional: 60 dias ap\u00f3s a compra<\/strong><\/p>\n","protected":false},"excerpt":{"rendered":"<p><strong>&#8220;Guilhotina&#8221;<\/strong><br \/>\nFinok<br \/>\n17 x 17 x 4 cm<\/p>\n<ul>\n<li>Escultura em p\u00f3 de m\u00e1rmore<\/li>\n<\/ul>\n<p><strong><a class=\"btn-text style1\" href=\"https:\/\/wa.me\/5511974500278\" target=\"_blank\" rel=\"noopener\">Compre via WhatsApp<\/a><br \/>\n<\/strong><\/p>\n","protected":false},"featured_media":17166,"template":"","meta":{"_acf_changed":false},"product_brand":[],"product_cat":[139],"product_tag":[],"class_list":{"0":"post-17159","1":"product","2":"type-product","3":"status-publish","4":"has-post-thumbnail","6":"product_cat-shop-all","8":"first","9":"instock","10":"shipping-taxable","11":"purchasable","12":"product-type-simple"},"acf":[],"_links":{"self":[{"href":"https:\/\/luismaluf.com\/en\/wp-json\/wp\/v2\/product\/17159","targetHints":{"allow":["GET"]}}],"collection":[{"href":"https:\/\/luismaluf.com\/en\/wp-json\/wp\/v2\/product"}],"about":[{"href":"https:\/\/luismaluf.com\/en\/wp-json\/wp\/v2\/types\/product"}],"wp:featuredmedia":[{"embeddable":true,"href":"https:\/\/luismaluf.com\/en\/wp-json\/wp\/v2\/media\/17166"}],"wp:attachment":[{"href":"https:\/\/luismaluf.com\/en\/wp-json\/wp\/v2\/media?parent=17159"}],"wp:term":[{"taxonomy":"product_brand","embeddable":true,"href":"https:\/\/luismaluf.com\/en\/wp-json\/wp\/v2\/product_brand?post=17159"},{"taxonomy":"product_cat","embeddable":true,"href":"https:\/\/luismaluf.com\/en\/wp-json\/wp\/v2\/product_cat?post=17159"},{"taxonomy":"product_tag","embeddable":true,"href":"https:\/\/luismaluf.com\/en\/wp-json\/wp\/v2\/product_tag?post=17159"}],"curies":[{"name":"wp","href":"https:\/\/api.w.org\/{rel}","templated":true}]}}